{"id":767,"date":"2021-07-15T10:48:13","date_gmt":"2021-07-15T08:48:13","guid":{"rendered":"https:\/\/neu.bzs-fzs.ch\/termine\/weiterbildung-fbaz\/"},"modified":"2026-01-21T15:55:57","modified_gmt":"2026-01-21T14:55:57","slug":"weiterbildungskurse","status":"publish","type":"page","link":"https:\/\/bzs-fzs.ch\/fr\/termine\/weiterbildungskurse\/","title":{"rendered":"Formation continue FCZ"},"content":{"rendered":"<p>[et_pb_section fb_built=&#8220;1&#8243; _builder_version=&#8220;4.16&#8243; _module_preset=&#8220;default&#8220; background_color=&#8220;RGBA(0,0,0,0)&#8220; min_height=&#8220;742.8px&#8220; global_colors_info=&#8220;{}&#8220;][et_pb_row _builder_version=&#8220;4.16&#8243; _module_preset=&#8220;default&#8220; global_colors_info=&#8220;{}&#8220;][et_pb_column type=&#8220;4_4&#8243; _builder_version=&#8220;4.16&#8243; _module_preset=&#8220;default&#8220; global_colors_info=&#8220;{}&#8220;][et_pb_text _builder_version=&#8220;4.27.5&#8243; _module_preset=&#8220;default&#8220; text_font=&#8220;Helvetica||||||||&#8220; text_text_color=&#8220;#3D3D3D&#8220; header_font=&#8220;Helvetica|700|||||||&#8220; header_text_color=&#8220;#3D3D3D&#8220; header_2_font=&#8220;Helvetica|700|||||||&#8220; header_2_text_color=&#8220;#3D3D3D&#8220; header_3_font=&#8220;Helvetica|700|||||||&#8220; header_3_text_color=&#8220;#3D3D3D&#8220; header_4_font=&#8220;Helvetica|700|||||||&#8220; header_4_text_color=&#8220;#3D3D3D&#8220; header_5_font=&#8220;Helvetica|700|||||||&#8220; header_6_font=&#8220;Helvetica||||||||&#8220; header_6_text_color=&#8220;#3D3D3D&#8220; custom_padding=&#8220;||0px|||&#8220; locked=&#8220;off&#8220; global_colors_info=&#8220;{}&#8220;]<\/p>\n<h2 style=\"text-align: center;\"><strong>Angebot Weiterbildungskurse FBK<\/strong><\/h2>\n<p>[\/et_pb_text][et_pb_code _builder_version=&#8220;4.16&#8243; _module_preset=&#8220;default&#8220; global_colors_info=&#8220;{}&#8220;]<br><div data-tockify-calendar=\"weiterbildungskurse\" data-tockify-component=\"calendar\"><\/div><script type='text\/javascript'>if (window._tkf && window._tkf.loadDeclaredCalendars) {window._tkf.loadDeclaredCalendars();}<\/script>[\/et_pb_code][\/et_pb_column][\/et_pb_row][et_pb_row _builder_version=&#8220;4.27.5&#8243; _module_preset=&#8220;default&#8220; global_colors_info=&#8220;{}&#8220;][et_pb_column type=&#8220;4_4&#8243; _builder_version=&#8220;4.27.5&#8243; _module_preset=&#8220;default&#8220; global_colors_info=&#8220;{}&#8220;][et_pb_text _builder_version=&#8220;4.27.5&#8243; _module_preset=&#8220;default&#8220; text_font_size=&#8220;11px&#8220; text_line_height=&#8220;1em&#8220; text_orientation=&#8220;center&#8220; custom_padding=&#8220;||0px|||&#8220; global_colors_info=&#8220;{}&#8220;]<\/p>\n<h5 style=\"text-align: center;\"><span style=\"font-size: xx-large;\"><strong>TAM-Basiskurse 2026<\/strong><\/span><\/h5>\n<p><span style=\"font-size: medium;\">(Abgabe von Tierarzneimitteln im Zoofachgesch\u00e4ft)<\/span><\/p>\n<p><span style=\"font-size: medium;\">s\u00e4mtliche TAM-Basiskurse<\/span><\/p>\n<p><span style=\"font-size: medium;\">werden ab 2026 von <strong>fishdoc GmbH<\/strong> durchgef\u00fchrt.<\/span><\/p>\n<p>[\/et_pb_text][\/et_pb_column][\/et_pb_row][et_pb_row _builder_version=&#8220;4.27.5&#8243; _module_preset=&#8220;default&#8220; global_colors_info=&#8220;{}&#8220;][et_pb_column type=&#8220;4_4&#8243; _builder_version=&#8220;4.27.5&#8243; _module_preset=&#8220;default&#8220; global_colors_info=&#8220;{}&#8220;][et_pb_button button_url=&#8220;https:\/\/www.fishdoc.ch\/tam-kurs\/tam-basiskurs\/&#8220; url_new_window=&#8220;on&#8220; button_text=&#8220;zur Webseite&#8220; button_alignment=&#8220;center&#8220; _builder_version=&#8220;4.27.5&#8243; _module_preset=&#8220;default&#8220; custom_button=&#8220;on&#8220; button_text_color=&#8220;#FFFFFF&#8220; button_bg_color=&#8220;#E25E10&#8243; button_border_color=&#8220;#E25E10&#8243; button_border_radius=&#8220;8px&#8220; button_font=&#8220;|700|||||||&#8220; button_use_icon=&#8220;off&#8220; background_layout=&#8220;dark&#8220; hover_enabled=&#8220;0&#8243; box_shadow_style=&#8220;preset2&#8243; global_colors_info=&#8220;{}&#8220; button_bg_color__hover_enabled=&#8220;on|hover&#8220; button_bg_color__hover=&#8220;#FF8017&#8243; button_bg_enable_color__hover=&#8220;on&#8220; button_border_color__hover_enabled=&#8220;on|hover&#8220; button_border_color__hover=&#8220;#FF8017&#8243; sticky_enabled=&#8220;0&#8243; locked=&#8220;off&#8220;][\/et_pb_button][\/et_pb_column][\/et_pb_row][\/et_pb_section]<\/p>\n","protected":false},"excerpt":{"rendered":"<p>Offrir des cours de formation continue FCZ<br><div data-tockify-calendar=\"weiterbildungskurse\" data-tockify-component=\"calendar\"><\/div><script type='text\/javascript'>if (window._tkf && window._tkf.loadDeclaredCalendars) {window._tkf.loadDeclaredCalendars();}<\/script>TAM-Basiskurse 2026 (Abgabe von Tierarzneimitteln im Zoofachgesch\u00e4ft) s\u00e4mtliche TAM-Basiskurse werden ab 2026 von fishdoc GmbH durchgef\u00fchrt.<\/p>","protected":false},"author":1,"featured_media":0,"parent":15,"menu_order":0,"comment_status":"closed","ping_status":"closed","template":"","meta":{"_et_pb_use_builder":"on","_et_pb_old_content":"","_et_gb_content_width":"","footnotes":""},"class_list":["post-767","page","type-page","status-publish","hentry"],"_links":{"self":[{"href":"https:\/\/bzs-fzs.ch\/fr\/wp-json\/wp\/v2\/pages\/767","targetHints":{"allow":["GET"]}}],"collection":[{"href":"https:\/\/bzs-fzs.ch\/fr\/wp-json\/wp\/v2\/pages"}],"about":[{"href":"https:\/\/bzs-fzs.ch\/fr\/wp-json\/wp\/v2\/types\/page"}],"author":[{"embeddable":true,"href":"https:\/\/bzs-fzs.ch\/fr\/wp-json\/wp\/v2\/users\/1"}],"replies":[{"embeddable":true,"href":"https:\/\/bzs-fzs.ch\/fr\/wp-json\/wp\/v2\/comments?post=767"}],"version-history":[{"count":77,"href":"https:\/\/bzs-fzs.ch\/fr\/wp-json\/wp\/v2\/pages\/767\/revisions"}],"predecessor-version":[{"id":2784,"href":"https:\/\/bzs-fzs.ch\/fr\/wp-json\/wp\/v2\/pages\/767\/revisions\/2784"}],"up":[{"embeddable":true,"href":"https:\/\/bzs-fzs.ch\/fr\/wp-json\/wp\/v2\/pages\/15"}],"wp:attachment":[{"href":"https:\/\/bzs-fzs.ch\/fr\/wp-json\/wp\/v2\/media?parent=767"}],"curies":[{"name":"wp","href":"https:\/\/api.w.org\/{rel}","templated":true}]}}