{"id":762,"date":"2021-07-15T10:44:06","date_gmt":"2021-07-15T08:44:06","guid":{"rendered":"https:\/\/neu.bzs-fzs.ch\/termine\/gundbildung\/"},"modified":"2025-01-09T12:46:11","modified_gmt":"2025-01-09T11:46:11","slug":"weiterbildung","status":"publish","type":"page","link":"https:\/\/bzs-fzs.ch\/fr\/termine\/weiterbildung\/","title":{"rendered":"Weiterbildung FBA"},"content":{"rendered":"<p>[et_pb_section fb_built=&#8220;1&#8243; _builder_version=&#8220;4.16&#8243; _module_preset=&#8220;default&#8220; background_color=&#8220;RGBA(0,0,0,0)&#8220; min_height=&#8220;742.8px&#8220; global_colors_info=&#8220;{}&#8220;][et_pb_row column_structure=&#8220;1_2,1_2&#8243; _builder_version=&#8220;4.16&#8243; _module_preset=&#8220;default&#8220; global_colors_info=&#8220;{}&#8220;][et_pb_column type=&#8220;1_2&#8243; _builder_version=&#8220;4.16&#8243; _module_preset=&#8220;default&#8220; global_colors_info=&#8220;{}&#8220;][et_pb_text _builder_version=&#8220;4.16&#8243; _module_preset=&#8220;default&#8220; text_font=&#8220;Helvetica||||||||&#8220; text_text_color=&#8220;#3D3D3D&#8220; header_font=&#8220;Helvetica|700|||||||&#8220; header_text_color=&#8220;#3D3D3D&#8220; header_2_font=&#8220;Helvetica|700|||||||&#8220; header_2_text_color=&#8220;#3D3D3D&#8220; header_3_font=&#8220;Helvetica|700|||||||&#8220; header_3_text_color=&#8220;#3D3D3D&#8220; header_4_font=&#8220;Helvetica|700|||||||&#8220; header_4_text_color=&#8220;#3D3D3D&#8220; header_4_font_size=&#8220;23px&#8220; header_5_font=&#8220;Helvetica|700|||||||&#8220; header_6_font=&#8220;Helvetica||||||||&#8220; header_6_text_color=&#8220;#3D3D3D&#8220; locked=&#8220;off&#8220; global_colors_info=&#8220;{}&#8220;]<\/p>\n<h4 style=\"text-align: center;\"><strong>Termine Weiterbildung<\/strong><\/h4>\n<h4 style=\"text-align: center;\"><strong>(FBA)<\/strong><\/h4>\n<h4 style=\"text-align: center;\"><strong>Deutschschweiz<\/strong><strong><\/strong><strong><\/strong><strong><\/strong><\/h4>\n<p>[\/et_pb_text][et_pb_code _builder_version=&#8220;4.16&#8243; _module_preset=&#8220;default&#8220; global_colors_info=&#8220;{}&#8220;]<iframe loading=\"lazy\" src=\"https:\/\/calendar.google.com\/calendar\/embed?height=600&#038;wkst=2&#038;bgcolor=%23EF6C00&#038;ctz=Europe%2FZurich&#038;src=aDJhcGxpOXJlNzBkOXZ1dG5sY3ByMWpudTBAZ3JvdXAuY2FsZW5kYXIuZ29vZ2xlLmNvbQ&#038;color=%23EF6C00&#038;showTitle=0&#038;showPrint=0&#038;showTabs=0&#038;showCalendars=0&#038;showTz=0\" style=\"border-width:0\" width=\"800\" height=\"600\" frameborder=\"0\" scrolling=\"no\"><\/iframe>[\/et_pb_code][\/et_pb_column][et_pb_column type=&#8220;1_2&#8243; _builder_version=&#8220;4.16&#8243; _module_preset=&#8220;default&#8220; global_colors_info=&#8220;{}&#8220;][et_pb_text _builder_version=&#8220;4.16&#8243; _module_preset=&#8220;default&#8220; text_font=&#8220;Helvetica||||||||&#8220; text_text_color=&#8220;#3D3D3D&#8220; header_font=&#8220;Helvetica|700|||||||&#8220; header_text_color=&#8220;#3D3D3D&#8220; header_2_font=&#8220;Helvetica|700|||||||&#8220; header_2_text_color=&#8220;#3D3D3D&#8220; header_3_font=&#8220;Helvetica|700|||||||&#8220; header_3_text_color=&#8220;#3D3D3D&#8220; header_4_font=&#8220;Helvetica|700|||||||&#8220; header_4_text_color=&#8220;#3D3D3D&#8220; header_4_font_size=&#8220;23px&#8220; header_5_font=&#8220;Helvetica|700|||||||&#8220; header_6_font=&#8220;Helvetica||||||||&#8220; header_6_text_color=&#8220;#3D3D3D&#8220; locked=&#8220;off&#8220; global_colors_info=&#8220;{}&#8220;]<\/p>\n<h4 style=\"text-align: center;\"><strong>\u00c9v\u00e9nements formation des sp\u00e9cialistes du<\/strong><\/h4>\n<h4 style=\"text-align: center;\"><strong>commerce de d\u00e9tail dans les commerces <\/strong><\/h4>\n<h4 style=\"text-align: center;\"><strong>zoologiques (FCZ) romandie<\/strong><\/h4>\n<p>[\/et_pb_text][et_pb_code _builder_version=&#8220;4.16&#8243; _module_preset=&#8220;default&#8220; global_colors_info=&#8220;{}&#8220;]<iframe loading=\"lazy\" src=\"https:\/\/calendar.google.com\/calendar\/embed?height=600&#038;wkst=2&#038;bgcolor=%23EF6C00&#038;ctz=Europe%2FZurich&#038;src=bzc4aTdtcGg5NHY4dWI4dGRhZmZqYjQybDBAZ3JvdXAuY2FsZW5kYXIuZ29vZ2xlLmNvbQ&#038;color=%23EF6C00&#038;showTitle=0&#038;showPrint=0&#038;showTabs=0&#038;showCalendars=0&#038;showTz=0&#038;hl=fr\" style=\"border-width:0\" width=\"800\" height=\"600\" frameborder=\"0\" scrolling=\"no\"><\/iframe>[\/et_pb_code][\/et_pb_column][\/et_pb_row][et_pb_row _builder_version=&#8220;4.16&#8243; _module_preset=&#8220;default&#8220; custom_margin=&#8220;3px|auto|-31px|auto||&#8220; custom_padding=&#8220;28px|||||&#8220; locked=&#8220;off&#8220; global_colors_info=&#8220;{}&#8220;][et_pb_column type=&#8220;4_4&#8243; _builder_version=&#8220;4.16&#8243; _module_preset=&#8220;default&#8220; global_colors_info=&#8220;{}&#8220;][et_pb_button button_url=&#8220;@ET-DC@eyJkeW5hbWljIjp0cnVlLCJjb250ZW50IjoicG9zdF9saW5rX3VybF9wYWdlIiwic2V0dGluZ3MiOnsicG9zdF9pZCI6IjE4In19@&#8220; url_new_window=&#8220;on&#8220; button_text=&#8220;weitere Informationen und Anmeldung&#8220; button_alignment=&#8220;center&#8220; _builder_version=&#8220;4.16&#8243; _dynamic_attributes=&#8220;button_url&#8220; _module_preset=&#8220;default&#8220; custom_button=&#8220;on&#8220; button_text_color=&#8220;#FFFFFF&#8220; button_bg_color=&#8220;#E25E10&#8243; button_border_color=&#8220;#E25E10&#8243; button_border_radius=&#8220;8px&#8220; button_font=&#8220;|700|||||||&#8220; button_use_icon=&#8220;off&#8220; background_layout=&#8220;dark&#8220; box_shadow_style=&#8220;preset2&#8243; locked=&#8220;off&#8220; global_colors_info=&#8220;{}&#8220; button_bg_color__hover=&#8220;#FF8017&#8243; button_bg_color__hover_enabled=&#8220;on|hover&#8220; button_border_color__hover=&#8220;#FF8017&#8243; button_border_color__hover_enabled=&#8220;on|hover&#8220;][\/et_pb_button][\/et_pb_column][\/et_pb_row][\/et_pb_section]<\/p>\n","protected":false},"excerpt":{"rendered":"<p>Termine Weiterbildung (FBA) Deutschschweiz\u00c9v\u00e9nements formation des sp\u00e9cialistes du commerce de d\u00e9tail dans les commerces zoologiques (FCZ) romandie<\/p>","protected":false},"author":1,"featured_media":0,"parent":15,"menu_order":0,"comment_status":"closed","ping_status":"closed","template":"","meta":{"_et_pb_use_builder":"on","_et_pb_old_content":"","_et_gb_content_width":"","footnotes":""},"class_list":["post-762","page","type-page","status-publish","hentry"],"_links":{"self":[{"href":"https:\/\/bzs-fzs.ch\/fr\/wp-json\/wp\/v2\/pages\/762","targetHints":{"allow":["GET"]}}],"collection":[{"href":"https:\/\/bzs-fzs.ch\/fr\/wp-json\/wp\/v2\/pages"}],"about":[{"href":"https:\/\/bzs-fzs.ch\/fr\/wp-json\/wp\/v2\/types\/page"}],"author":[{"embeddable":true,"href":"https:\/\/bzs-fzs.ch\/fr\/wp-json\/wp\/v2\/users\/1"}],"replies":[{"embeddable":true,"href":"https:\/\/bzs-fzs.ch\/fr\/wp-json\/wp\/v2\/comments?post=762"}],"version-history":[{"count":50,"href":"https:\/\/bzs-fzs.ch\/fr\/wp-json\/wp\/v2\/pages\/762\/revisions"}],"predecessor-version":[{"id":2213,"href":"https:\/\/bzs-fzs.ch\/fr\/wp-json\/wp\/v2\/pages\/762\/revisions\/2213"}],"up":[{"embeddable":true,"href":"https:\/\/bzs-fzs.ch\/fr\/wp-json\/wp\/v2\/pages\/15"}],"wp:attachment":[{"href":"https:\/\/bzs-fzs.ch\/fr\/wp-json\/wp\/v2\/media?parent=762"}],"curies":[{"name":"wp","href":"https:\/\/api.w.org\/{rel}","templated":true}]}}