{"id":363,"date":"2021-07-11T14:48:13","date_gmt":"2021-07-11T14:48:13","guid":{"rendered":"https:\/\/neu.bzs-fzs.ch\/bildung-2\/"},"modified":"2023-12-26T10:19:45","modified_gmt":"2023-12-26T09:19:45","slug":"impressum","status":"publish","type":"page","link":"https:\/\/bzs-fzs.ch\/fr\/impressum\/","title":{"rendered":"MENTIONS L\u00c9GALES"},"content":{"rendered":"<p>[et_pb_section fb_built=&#8220;1&#8243; _builder_version=&#8220;4.16&#8243; _module_preset=&#8220;default&#8220; background_color=&#8220;#FFFFFF&#8220; custom_padding=&#8220;||||false|false&#8220; global_colors_info=&#8220;{}&#8220;][et_pb_row _builder_version=&#8220;4.16&#8243; _module_preset=&#8220;default&#8220; global_colors_info=&#8220;{}&#8220;][et_pb_column type=&#8220;4_4&#8243; _builder_version=&#8220;4.16&#8243; _module_preset=&#8220;default&#8220; global_colors_info=&#8220;{}&#8220;][et_pb_text _builder_version=&#8220;4.16&#8243; _module_preset=&#8220;default&#8220; text_font=&#8220;Helvetica||||||||&#8220; text_text_color=&#8220;#3D3D3D&#8220; header_font=&#8220;Helvetica|700|||||||&#8220; header_text_color=&#8220;#3D3D3D&#8220; header_2_font=&#8220;Helvetica|700|||||||&#8220; header_2_text_color=&#8220;#3D3D3D&#8220; header_3_font=&#8220;Helvetica|700|||||||&#8220; header_3_text_color=&#8220;#3D3D3D&#8220; header_4_font=&#8220;Helvetica|700|||||||&#8220; header_4_text_color=&#8220;#3D3D3D&#8220; header_5_font=&#8220;Helvetica|700|||||||&#8220; header_6_font=&#8220;Helvetica||||||||&#8220; header_6_text_color=&#8220;#3D3D3D&#8220; global_colors_info=&#8220;{}&#8220;]<\/p>\n<h2 style=\"text-align: center;\"><strong>Impressum<\/strong><\/h2>\n<p>[\/et_pb_text][\/et_pb_column][\/et_pb_row][et_pb_row _builder_version=&#8220;4.16&#8243; _module_preset=&#8220;default&#8220; min_height=&#8220;287px&#8220; global_colors_info=&#8220;{}&#8220;][et_pb_column type=&#8220;4_4&#8243; _builder_version=&#8220;4.16&#8243; _module_preset=&#8220;default&#8220; global_colors_info=&#8220;{}&#8220;][et_pb_text _builder_version=&#8220;4.16&#8243; _module_preset=&#8220;default&#8220; text_font=&#8220;Helvetica||||||||&#8220; text_text_color=&#8220;#3D3D3D&#8220; text_font_size=&#8220;19px&#8220; text_line_height=&#8220;1.5em&#8220; header_6_font_size=&#8220;19px&#8220; global_colors_info=&#8220;{}&#8220;]<\/p>\n<p>Verantwortlich f\u00fcr Inhalt, Konzeption &amp; Realisierung des Onlineportals:<\/p>\n<p>&nbsp;<\/p>\n<h6><strong>BZS GmbH<\/strong><\/h6>\n<h6>G\u00fcterstrasse 205<\/h6>\n<h6>CH-4053 Basel<\/h6>\n<p>&nbsp;<\/p>\n<h3><span style=\"color: #e25e10;\"><strong>Gew\u00e4hrleistung<\/strong><\/span><\/h3>\n<p>Wir bem\u00fchen uns um m\u00f6glichst korrekte und aktuelle Information. Die Inhalte wurden sorgf\u00e4ltig erarbeitet. Trotzdem k\u00f6nnen Fehler auftreten. Autoren und Herausgeber \u00fcbernehmen keine Gew\u00e4hr und Haftung f\u00fcr die Richtigkeit, Zuverl\u00e4ssigkeit, Vollst\u00e4ndigkeit und Aktualit\u00e4t der Information. Die Verwendung der Website und der darin enthaltenen Informationen erfolgt auf eigene Gefahr. \u00c4nderungen k\u00f6nnen jederzeit vorgenommen werden.<\/p>\n<p>[\/et_pb_text][\/et_pb_column][\/et_pb_row][et_pb_row _builder_version=&#8220;4.16&#8243; _module_preset=&#8220;default&#8220; global_colors_info=&#8220;{}&#8220;][et_pb_column type=&#8220;4_4&#8243; _builder_version=&#8220;4.16&#8243; _module_preset=&#8220;default&#8220; global_colors_info=&#8220;{}&#8220;][et_pb_text _builder_version=&#8220;4.16&#8243; _module_preset=&#8220;default&#8220; text_font=&#8220;Helvetica||||||||&#8220; text_font_size=&#8220;19px&#8220; header_3_text_color=&#8220;#E25E10&#8243; global_colors_info=&#8220;{}&#8220;]<\/p>\n<h3 style=\"text-align: left;\"><strong>Allgemeine Gesch\u00e4ftsbedingungen der BZS GmbH<\/strong><\/h3>\n<h3 style=\"text-align: left;\"><strong>(Bildung Zoofachhandel Schweiz)<\/strong><\/h3>\n<p style=\"text-align: left;\"><strong><\/strong><\/p>\n<p style=\"text-align: left;\"><strong>I.\u00a0\u00a0\u00a0\u00a0\u00a0\u00a0\u00a0 Allgemeines<\/strong><\/p>\n<ol start=\"2\" style=\"text-align: left;\">\n<li>Die Allgemeinen Gesch\u00e4ftsbedingungen gelten f\u00fcr alle Angebote der BZS GmbH Bildung Zoofachhandel Schweiz (nachfolgend BZS genannt), sofern die Vertragsparteien (die BZS einerseits und die Studierenden sowie die Teilnehmenden von Kursen und Seminaren, nachfolgend Teilnehmende genannt, andererseits) nicht schriftlich etwas anderes vereinbaren.<\/li>\n<\/ol>\n<p style=\"text-align: left;\"><strong>II.\u00a0\u00a0\u00a0\u00a0\u00a0\u00a0 Anmeldung<\/strong><\/p>\n<ol start=\"3\" style=\"text-align: left;\">\n<li>Die Anmeldung erfolgt schriftlich oder online. Die Anmeldung ist f\u00fcr die ganze Angebotsdauer verbindlich.<\/li>\n<li>Sie wird nach \u00dcberpr\u00fcfung der jeweiligen Aufnahmebedingungen wirksam. Die BZS best\u00e4tigt die Anmeldung.<\/li>\n<li>Mit der Anmeldung verpflichten sich die Teilnehmenden, die Kosten gem\u00e4ss Ausschreibung zu bezahlen.<\/li>\n<li>Bei Angabe einer anderweitigen Rechnungsadresse (z.B. des Arbeitgebers) bleiben die Teilnehmenden gegen\u00fcber der BZS Schuldner.<\/li>\n<\/ol>\n<p style=\"text-align: left;\"><strong>III.\u00a0\u00a0\u00a0\u00a0 Kosten<\/strong><\/p>\n<ol start=\"7\" style=\"text-align: left;\">\n<li>Die Kosten sind in der Ausschreibung aufgef\u00fchrt. Preisanpassungen sind im Rahmen der Teuerung m\u00f6glich.<\/li>\n<li>Auslagen wie Pr\u00fcfungsgeb\u00fchren, Exkursionen, Besuch von Tagungen, durch die Teilnehmenden in eigener Verantwortung organisierte Zusammenk\u00fcnfte, ausserhalb des regul\u00e4ren Schulbetriebes sind durch die Teilnehmenden selbst zu bezahlen.<\/li>\n<li>Auslagen f\u00fcr Schulmaterialien, B\u00fccher, Kopien etc. sind vom Teilnehmenden zu \u00fcbernehmen, wenn sie in den Kosten nicht ausdr\u00fccklich enthalten sind.<\/li>\n<li>Die Rechnungsstellung erfolgt semesterweise oder f\u00fcr die vereinbarte Dauer.<\/li>\n<li>Bei Nichteinhaltung des Zahlungstermins werden ab der 2. Mahnung Mahngeb\u00fchren von CHF 20.- erhoben. Bei der Betreibungseinleitung wird ein Verzugszins von 5% sowie eine Bearbeitungsgeb\u00fchr von CHF 30.- erhoben.<\/li>\n<li>Bei Nichteinhaltung der Zahlungstermine beh\u00e4lt sich die BZS das Recht vor, vom Vertrag zur\u00fcckzutreten.<\/li>\n<\/ol>\n<p style=\"text-align: left;\"><strong>IV.\u00a0\u00a0\u00a0\u00a0 Durchf\u00fchrung der Angebote<\/strong><\/p>\n<ol start=\"13\" style=\"text-align: left;\">\n<li>Die BZS ist berechtigt, die im Programm aufgef\u00fchrten Angebote bei zu geringer Teilnehmerzahl oder aufgrund anderer, von ihr nicht verschuldeter Umst\u00e4nde, nicht durchzuf\u00fchren.<\/li>\n<li>Bei Absage eines Angebotes durch die BZS werden die bereits bezahlten Kosten vollumf\u00e4nglich zur\u00fcckbezahlt. Weitere Anspr\u00fcche des Teilnehmenden sind ausgeschlossen.<\/li>\n<\/ol>\n<p style=\"text-align: left;\"><strong>V.\u00a0\u00a0\u00a0\u00a0\u00a0 Programm\u00e4nderungen<\/strong><\/p>\n<ol start=\"15\" style=\"text-align: left;\">\n<li>Die BZS beh\u00e4lt sich vor, innerhalb der Angebote Programm\u00e4nderungen vorzunehmen.<\/li>\n<li>Falls Lektionen aus Gr\u00fcnden, welche die BZS zu vertreten hat, ausfallen, werden sie in der Regel nachgeholt. Falls dies nicht m\u00f6glich ist, entstehen keine Ersatzanspr\u00fcche.<\/li>\n<\/ol>\n<p style=\"text-align: left;\"><strong>VI.\u00a0\u00a0\u00a0\u00a0 Teilnahme<\/strong><\/p>\n<ol start=\"17\" style=\"text-align: left;\">\n<li>Kann der Teilnehmende an einer Unterrichtseinheit aus Gr\u00fcnden nicht teilnehmen, welche nicht die BZS zu vertreten hat (Ferien, berufsbedingte Abwesenheit, Krankheit\/Unfall, famili\u00e4re Verpflichtungen, Milit\u00e4rdienst, Versp\u00e4tung\/Vers\u00e4umnis etc.), besteht weder Anspruch auf R\u00fcckverg\u00fctung noch auf das Vor- oder Nachholen der vers\u00e4umten Lektionen.<\/li>\n<li>Eine Best\u00e4tigung wird grunds\u00e4tzlich erteilt, wenn mindestens 80% (90% in den Berufsbildnerkursen) des dozentengef\u00fchrten Unterrichts besucht werden. \u00dcber Ausnahmen entscheidet die Gesch\u00e4ftsleitung.<\/li>\n<\/ol>\n<p style=\"text-align: left;\"><strong>VII.\u00a0\u00a0 Mobile Ger\u00e4te im Unterricht<\/strong><\/p>\n<ol start=\"19\" style=\"text-align: left;\">\n<li>Bild- und Tonaufnahmen durch mobile Ger\u00e4te (mobile Telefone, Tablets etc.) sind im Unterricht grunds\u00e4tzlich nicht erlaubt. \u00dcber Ausnahmen vom Verbot von Bild- und Tonaufnahmen und deren Verwendung entscheiden im Einzelfall die Dozierenden. Dabei sind die Pers\u00f6nlichkeits- und <a href=\"https:\/\/bzs-fzs.ch\/datenschutz\/\">Datenschutzrechte<\/a> zu ber\u00fccksichtigen.<\/li>\n<\/ol>\n<p style=\"text-align: left;\"><strong>VIII.\u00a0 Ausschluss<\/strong><\/p>\n<ol start=\"20\" style=\"text-align: left;\">\n<li>Die BZS beh\u00e4lt sich vor, Teilnehmende mit sofortiger Wirkung aus einem Angebot auszuschliessen. Als wichtige Ausschlussgr\u00fcnde gelten z.B.:<\/li>\n<\/ol>\n<ul style=\"text-align: left;\">\n<li>Nichtgen\u00fcgen an die Anforderungen der Schule<\/li>\n<li>Verst\u00f6sse gegen das Schulreglement<\/li>\n<li>regelm\u00e4ssige St\u00f6rungen des Unterrichts<\/li>\n<li>ungeb\u00fchrliches Benehmen\/Bel\u00e4stigungen\/Ehrverletzungen<\/li>\n<li>Nichtbezahlung der Kurs-\/Lehrgangskosten (Schulgeld, Lehrmittel etc.)<\/li>\n<\/ul>\n<ol start=\"21\" style=\"text-align: left;\">\n<li>In leichten F\u00e4llen erfolgt zuerst eine schriftliche Verwarnung. In gravierenden F\u00e4llen, welche eine Weiterf\u00fchrung des Bildungsganges f\u00fcr die BZS oder f\u00fcr andere Studierende unzumutbar machen, erfolgt der Ausschluss mit sofortiger Wirkung.<\/li>\n<li>Bei begr\u00fcndetem Ausschluss besteht kein Anspruch auf eine Reduktion oder eine R\u00fcckerstattung des Studiengeldes und der \u00fcbrigen bezahlten Auslagen.<\/li>\n<\/ol>\n<p style=\"text-align: left;\"><strong>IX.\u00a0\u00a0\u00a0\u00a0 Vertragsr\u00fccktritt<\/strong><\/p>\n<ol start=\"23\" style=\"text-align: left;\">\n<li>Abmeldungen haben schriftlich oder per E-Mail zu erfolgen.<\/li>\n<li>Erfolgt der Vertragsr\u00fccktritt bis 30 Tage vor Semester- oder Kursbeginn, werden keine Kosten in Rechnung gestellt.<\/li>\n<li>Erfolgt die Abmeldung (Vertragsr\u00fccktritt) zwischen dem 30. Tag und dem Semesterstart oder Kursbeginn wird eine Umtriebsentsch\u00e4digung von 10% der Semester- oder Kurskosten f\u00e4llig.<\/li>\n<\/ol>\n<ol start=\"26\" style=\"text-align: left;\">\n<li>Erfolgt die Abmeldung nach Semester- oder Kursbeginn, sind nebst der Umtriebsentsch\u00e4digung von 10% die Semester- oder Kurskosten f\u00fcr den bis zur Abmeldung bereits durchgef\u00fchrten Unterrichtsanteil geschuldet. Ohne Abmeldung bleiben die gesamten Semester- oder Kurskosten geschuldet.<\/li>\n<li>Die BZS kann f\u00fcr einzelne Angebote andere Umtriebsentsch\u00e4digungsregelungen erlassen.<\/li>\n<\/ol>\n<p style=\"text-align: left;\"><strong>X.\u00a0\u00a0\u00a0\u00a0\u00a0 Versicherungen<\/strong><\/p>\n<ol start=\"28\" style=\"text-align: left;\">\n<li>F\u00fcr s\u00e4mtliche von der BZS organisierten Angebote wird \u2013 soweit gesetzlich zul\u00e4ssig \u2013 jede Haftung f\u00fcr entstandene Sch\u00e4den ausgeschlossen. Die BZS haftet insbesondere nicht f\u00fcr Verlust oder Diebstahl eingebrachter Gegenst\u00e4nde.<\/li>\n<li>Der Abschluss einer Versicherung gegen Unfall, Haftpflicht und Diebstahl ist Sache der Teilnehmenden.<\/li>\n<\/ol>\n<p style=\"text-align: left;\"><strong>XI.\u00a0\u00a0\u00a0\u00a0 <a href=\"https:\/\/bzs-fzs.ch\/datenschutz\/\">Datenschutz\/Pers\u00f6nlichkeitsschutz<\/a><\/strong><\/p>\n<ol start=\"30\" style=\"text-align: left;\">\n<li>Der Teilnehmende erkl\u00e4rt sich mit der Anmeldung damit einverstanden, dass die Daten der Anmeldung f\u00fcr interne Zwecke elektronisch gespeichert und verarbeitet werden. Er erteilt die Einwilligung, dass diese zu Zwecken des eigenen Marketings bzw. der Werbung verwendet werden. Eine Weitergabe der Daten an Dritte findet ohne Einwilligung nicht statt.<\/li>\n<li>Informationen, welche dem Teilnehmenden im Rahmen der Angebote der BZS zur Kenntnis gelangen und die den Pers\u00f6nlichkeitsschutz Dritter ber\u00fchren, d\u00fcrfen nicht weitergegeben werden.<\/li>\n<\/ol>\n<p style=\"text-align: left;\"><strong>XII.\u00a0\u00a0 Adress\u00e4nderungen<\/strong><\/p>\n<ol start=\"32\" style=\"text-align: left;\">\n<li>Adress\u00e4nderungen sind der BZS umgehend zu melden. Mitteilungen und Anzeigen gelten als erfolgt, wenn sie an die letzte bekanntgegebene Adresse des Teilnehmenden oder in einer anderen geeigneten Weise mitgeteilt worden sind.<\/li>\n<\/ol>\n<p style=\"text-align: left;\"><strong>XIII.\u00a0 Anwendbares Recht und Gerichtsstand<\/strong><\/p>\n<ol start=\"33\" style=\"text-align: left;\">\n<li>Alle Rechtsbeziehungen der Teilnehmenden mit der BZS unterstehen schweizerischem Recht.<\/li>\n<li>Der Gerichtstand richtet sich nach den zwingenden gesetzlichen Bestimmungen. Soweit diese nicht zur Anwendung kommen, ist ausschliesslicher Gerichtsstand f\u00fcr allf\u00e4llige Streitigkeiten Basel Stadt<\/li>\n<\/ol>\n<p style=\"text-align: left;\"><strong>XIV. Best\u00e4tigung Kenntnisnahme der Allgemeinen Gesch\u00e4ftsbedingungen<\/strong><\/p>\n<ol start=\"35\">\n<li style=\"text-align: left;\">Mit der Anmeldung best\u00e4tigt der Teilnehmende, dass er auf das Bestehen und den Inhalt der Allgemeinen Gesch\u00e4ftsbedingungen hingewiesen worden ist und diese zur Kenntnis genommen hat.<\/li>\n<\/ol>\n<p>[\/et_pb_text][\/et_pb_column][\/et_pb_row][\/et_pb_section]<\/p>\n","protected":false},"excerpt":{"rendered":"<p>ImpressumVerantwortlich f\u00fcr Inhalt, Konzeption &amp; Realisierung des Onlineportals: &nbsp; BZS GmbH G\u00fcterstrasse 205 CH-4053 Basel &nbsp; Gew\u00e4hrleistung Wir bem\u00fchen uns um m\u00f6glichst korrekte und aktuelle Information. Die Inhalte wurden sorgf\u00e4ltig erarbeitet. Trotzdem k\u00f6nnen Fehler auftreten. Autoren und Herausgeber \u00fcbernehmen keine Gew\u00e4hr und Haftung f\u00fcr die Richtigkeit, Zuverl\u00e4ssigkeit, Vollst\u00e4ndigkeit und Aktualit\u00e4t der Information. Die Verwendung der [&hellip;]<\/p>\n","protected":false},"author":1,"featured_media":0,"parent":0,"menu_order":0,"comment_status":"closed","ping_status":"closed","template":"","meta":{"_et_pb_use_builder":"on","_et_pb_old_content":"","_et_gb_content_width":"","footnotes":""},"class_list":["post-363","page","type-page","status-publish","hentry"],"_links":{"self":[{"href":"https:\/\/bzs-fzs.ch\/fr\/wp-json\/wp\/v2\/pages\/363","targetHints":{"allow":["GET"]}}],"collection":[{"href":"https:\/\/bzs-fzs.ch\/fr\/wp-json\/wp\/v2\/pages"}],"about":[{"href":"https:\/\/bzs-fzs.ch\/fr\/wp-json\/wp\/v2\/types\/page"}],"author":[{"embeddable":true,"href":"https:\/\/bzs-fzs.ch\/fr\/wp-json\/wp\/v2\/users\/1"}],"replies":[{"embeddable":true,"href":"https:\/\/bzs-fzs.ch\/fr\/wp-json\/wp\/v2\/comments?post=363"}],"version-history":[{"count":12,"href":"https:\/\/bzs-fzs.ch\/fr\/wp-json\/wp\/v2\/pages\/363\/revisions"}],"predecessor-version":[{"id":2370,"href":"https:\/\/bzs-fzs.ch\/fr\/wp-json\/wp\/v2\/pages\/363\/revisions\/2370"}],"wp:attachment":[{"href":"https:\/\/bzs-fzs.ch\/fr\/wp-json\/wp\/v2\/media?parent=363"}],"curies":[{"name":"wp","href":"https:\/\/api.w.org\/{rel}","templated":true}]}}